{"id":3334,"date":"2025-01-02T09:06:10","date_gmt":"2025-01-02T08:06:10","guid":{"rendered":"https:\/\/www.stan-szklo.pl\/o-spolecnosti\/roznorodny-asortyment\/"},"modified":"2025-03-14T13:57:12","modified_gmt":"2025-03-14T12:57:12","slug":"pestra-nabidka","status":"publish","type":"page","link":"https:\/\/www.stan-szklo.pl\/cs\/o-spolecnosti\/pestra-nabidka\/","title":{"rendered":"Pestr\u00e1 nab\u00eddka"},"content":{"rendered":"","protected":false},"excerpt":{"rendered":"","protected":false},"author":1,"featured_media":0,"parent":3287,"menu_order":2,"comment_status":"closed","ping_status":"closed","template":"","meta":{"_acf_changed":false,"inline_featured_image":false,"footnotes":""},"class_list":["post-3334","page","type-page","status-publish","hentry"],"acf":[],"yoast_head":"<!-- This site is optimized with the Yoast SEO plugin v27.5 - https:\/\/yoast.com\/product\/yoast-seo-wordpress\/ -->\n<title>Pestr\u00e1 nab\u00eddka - Stan Szk\u0142o<\/title>\n<meta name=\"robots\" content=\"index, follow, max-snippet:-1, max-image-preview:large, max-video-preview:-1\" \/>\n<link rel=\"canonical\" href=\"https:\/\/www.stan-szklo.pl\/cs\/o-spolecnosti\/pestra-nabidka\/\" \/>\n<meta property=\"og:locale\" content=\"cs_CZ\" \/>\n<meta property=\"og:type\" content=\"article\" \/>\n<meta property=\"og:title\" content=\"Pestr\u00e1 nab\u00eddka - Stan Szk\u0142o\" \/>\n<meta property=\"og:url\" content=\"https:\/\/www.stan-szklo.pl\/cs\/o-spolecnosti\/pestra-nabidka\/\" \/>\n<meta property=\"og:site_name\" content=\"Stan Szk\u0142o\" \/>\n<meta property=\"article:modified_time\" content=\"2025-03-14T12:57:12+00:00\" \/>\n<meta name=\"twitter:card\" content=\"summary_large_image\" \/>\n<script type=\"application\/ld+json\" class=\"yoast-schema-graph\">{\"@context\":\"https:\\\/\\\/schema.org\",\"@graph\":[{\"@type\":\"WebPage\",\"@id\":\"https:\\\/\\\/www.stan-szklo.pl\\\/cs\\\/o-spolecnosti\\\/pestra-nabidka\\\/\",\"url\":\"https:\\\/\\\/www.stan-szklo.pl\\\/cs\\\/o-spolecnosti\\\/pestra-nabidka\\\/\",\"name\":\"Pestr\u00e1 nab\u00eddka - Stan Szk\u0142o\",\"isPartOf\":{\"@id\":\"https:\\\/\\\/www.stan-szklo.pl\\\/cs\\\/#website\"},\"datePublished\":\"2025-01-02T08:06:10+00:00\",\"dateModified\":\"2025-03-14T12:57:12+00:00\",\"breadcrumb\":{\"@id\":\"https:\\\/\\\/www.stan-szklo.pl\\\/cs\\\/o-spolecnosti\\\/pestra-nabidka\\\/#breadcrumb\"},\"inLanguage\":\"cs\",\"potentialAction\":[{\"@type\":\"ReadAction\",\"target\":[\"https:\\\/\\\/www.stan-szklo.pl\\\/cs\\\/o-spolecnosti\\\/pestra-nabidka\\\/\"]}]},{\"@type\":\"BreadcrumbList\",\"@id\":\"https:\\\/\\\/www.stan-szklo.pl\\\/cs\\\/o-spolecnosti\\\/pestra-nabidka\\\/#breadcrumb\",\"itemListElement\":[{\"@type\":\"ListItem\",\"position\":1,\"name\":\"Home\",\"item\":\"https:\\\/\\\/www.stan-szklo.pl\\\/cs\\\/\"},{\"@type\":\"ListItem\",\"position\":2,\"name\":\"O spole\u010dnosti\",\"item\":\"https:\\\/\\\/www.stan-szklo.pl\\\/cs\\\/o-spolecnosti\\\/\"},{\"@type\":\"ListItem\",\"position\":3,\"name\":\"Pestr\u00e1 nab\u00eddka\"}]},{\"@type\":\"WebSite\",\"@id\":\"https:\\\/\\\/www.stan-szklo.pl\\\/cs\\\/#website\",\"url\":\"https:\\\/\\\/www.stan-szklo.pl\\\/cs\\\/\",\"name\":\"Stan Szk\u0142o\",\"description\":\"\",\"potentialAction\":[{\"@type\":\"SearchAction\",\"target\":{\"@type\":\"EntryPoint\",\"urlTemplate\":\"https:\\\/\\\/www.stan-szklo.pl\\\/cs\\\/?s={search_term_string}\"},\"query-input\":{\"@type\":\"PropertyValueSpecification\",\"valueRequired\":true,\"valueName\":\"search_term_string\"}}],\"inLanguage\":\"cs\"}]}<\/script>\n<!-- \/ Yoast SEO plugin. -->","yoast_head_json":{"title":"Pestr\u00e1 nab\u00eddka - Stan Szk\u0142o","robots":{"index":"index","follow":"follow","max-snippet":"max-snippet:-1","max-image-preview":"max-image-preview:large","max-video-preview":"max-video-preview:-1"},"canonical":"https:\/\/www.stan-szklo.pl\/cs\/o-spolecnosti\/pestra-nabidka\/","og_locale":"cs_CZ","og_type":"article","og_title":"Pestr\u00e1 nab\u00eddka - Stan Szk\u0142o","og_url":"https:\/\/www.stan-szklo.pl\/cs\/o-spolecnosti\/pestra-nabidka\/","og_site_name":"Stan Szk\u0142o","article_modified_time":"2025-03-14T12:57:12+00:00","twitter_card":"summary_large_image","schema":{"@context":"https:\/\/schema.org","@graph":[{"@type":"WebPage","@id":"https:\/\/www.stan-szklo.pl\/cs\/o-spolecnosti\/pestra-nabidka\/","url":"https:\/\/www.stan-szklo.pl\/cs\/o-spolecnosti\/pestra-nabidka\/","name":"Pestr\u00e1 nab\u00eddka - Stan Szk\u0142o","isPartOf":{"@id":"https:\/\/www.stan-szklo.pl\/cs\/#website"},"datePublished":"2025-01-02T08:06:10+00:00","dateModified":"2025-03-14T12:57:12+00:00","breadcrumb":{"@id":"https:\/\/www.stan-szklo.pl\/cs\/o-spolecnosti\/pestra-nabidka\/#breadcrumb"},"inLanguage":"cs","potentialAction":[{"@type":"ReadAction","target":["https:\/\/www.stan-szklo.pl\/cs\/o-spolecnosti\/pestra-nabidka\/"]}]},{"@type":"BreadcrumbList","@id":"https:\/\/www.stan-szklo.pl\/cs\/o-spolecnosti\/pestra-nabidka\/#breadcrumb","itemListElement":[{"@type":"ListItem","position":1,"name":"Home","item":"https:\/\/www.stan-szklo.pl\/cs\/"},{"@type":"ListItem","position":2,"name":"O spole\u010dnosti","item":"https:\/\/www.stan-szklo.pl\/cs\/o-spolecnosti\/"},{"@type":"ListItem","position":3,"name":"Pestr\u00e1 nab\u00eddka"}]},{"@type":"WebSite","@id":"https:\/\/www.stan-szklo.pl\/cs\/#website","url":"https:\/\/www.stan-szklo.pl\/cs\/","name":"Stan Szk\u0142o","description":"","potentialAction":[{"@type":"SearchAction","target":{"@type":"EntryPoint","urlTemplate":"https:\/\/www.stan-szklo.pl\/cs\/?s={search_term_string}"},"query-input":{"@type":"PropertyValueSpecification","valueRequired":true,"valueName":"search_term_string"}}],"inLanguage":"cs"}]}},"_links":{"self":[{"href":"https:\/\/www.stan-szklo.pl\/cs\/wp-json\/wp\/v2\/pages\/3334","targetHints":{"allow":["GET"]}}],"collection":[{"href":"https:\/\/www.stan-szklo.pl\/cs\/wp-json\/wp\/v2\/pages"}],"about":[{"href":"https:\/\/www.stan-szklo.pl\/cs\/wp-json\/wp\/v2\/types\/page"}],"author":[{"embeddable":true,"href":"https:\/\/www.stan-szklo.pl\/cs\/wp-json\/wp\/v2\/users\/1"}],"replies":[{"embeddable":true,"href":"https:\/\/www.stan-szklo.pl\/cs\/wp-json\/wp\/v2\/comments?post=3334"}],"version-history":[{"count":2,"href":"https:\/\/www.stan-szklo.pl\/cs\/wp-json\/wp\/v2\/pages\/3334\/revisions"}],"predecessor-version":[{"id":5013,"href":"https:\/\/www.stan-szklo.pl\/cs\/wp-json\/wp\/v2\/pages\/3334\/revisions\/5013"}],"up":[{"embeddable":true,"href":"https:\/\/www.stan-szklo.pl\/cs\/wp-json\/wp\/v2\/pages\/3287"}],"wp:attachment":[{"href":"https:\/\/www.stan-szklo.pl\/cs\/wp-json\/wp\/v2\/media?parent=3334"}],"curies":[{"name":"wp","href":"https:\/\/api.w.org\/{rel}","templated":true}]}}